{"id":3,"date":"2019-10-14T13:23:29","date_gmt":"2019-10-14T11:23:29","guid":{"rendered":"http:\/\/www.datow-kfz.de\/datow\/?page_id=3"},"modified":"2025-03-13T10:13:25","modified_gmt":"2025-03-13T09:13:25","slug":"datenschutzerklaerung","status":"publish","type":"page","link":"https:\/\/www.datow-kfz.de\/?page_id=3","title":{"rendered":"Datenschutzhinweise"},"content":{"rendered":"\n<p class=\"has-black-color has-text-color\"><strong>Allgemeines<\/strong><\/p>\n\n\n\n<p class=\"has-black-color has-text-color has-link-color wp-elements-f63cfa27d83b6eee8fd6d7ed54e06b41\">Wir nehmen den Schutz von pers\u00f6nlichen Daten sehr ernst. Wir behandeln Ihre personenbezogenen Daten vertraulich und entsprechend der gesetzlichen Datenschutzvorschriften (DSGVO).&nbsp;<strong>Wir nutzen keine Cookies und die Nutzung unserer Webseite ist ohne Angabe personenbezogener Daten m\u00f6glich.<\/strong><\/p>\n\n\n\n<p class=\"has-black-color has-text-color has-link-color wp-elements-d0d8273a87c0fea0214c998b5f8bf19c\"><strong>Wie erfassen wir Ihre Daten?<\/strong><\/p>\n\n\n\n<p class=\"has-black-color has-text-color has-link-color wp-elements-6a4a9f7902bf6f2285b71f615cd4795b\">Ihre Daten werden zum einen dadurch erhoben, dass Sie uns diese mitteilen. Hierbei kann es sich z. B. um Daten handeln, die Sie in ein Kontaktformular eingeben. Andere Daten werden automatisch oder nach Ihrer Einwilligung beim Besuch der Website durch unsere IT-Systeme erfasst. Das sind vor allem technische Daten (z. B. Internetbrowser, Betriebssystem oder Uhrzeit des Seitenaufrufs). Die Erfassung dieser Daten erfolgt automatisch, sobald Sie diese Website betreten.<\/p>\n\n\n\n<p class=\"has-black-color has-text-color has-link-color wp-elements-c50c67047e0f61cc512ec19f61d2d04f\">Diese Daten sind nicht bestimmten Personen zuzuorden. Eine Zusammenf\u00fchrung dieser Daten mit anderen Datenquellen ist nicht m\u00f6glich.<\/p>\n\n\n\n<p class=\"has-black-color has-text-color has-link-color wp-elements-d874487e34352231378e7c792ff481a0\"><strong>Wof\u00fcr nutzen wir Ihre Daten?<\/strong><\/p>\n\n\n\n<p class=\"has-black-color has-text-color has-link-color wp-elements-044d1222255dfd7a469a012a4e38c48f\">Ein Teil der Daten wird erhoben, um eine fehlerfreie Bereitstellung der Website zu gew\u00e4hrleisten. Die Daten k\u00f6nnen zur allgemeinen Analyse des Nutzerverhaltens verwendet werden.<\/p>\n\n\n\n<p class=\"has-black-color has-text-color has-link-color wp-elements-58bda9d09d23b139d70b662891dd9780\"><strong>Welche Rechte haben Sie bez\u00fcglich Ihrer Daten?<\/strong><\/p>\n\n\n\n<p class=\"has-black-color has-text-color has-link-color wp-elements-fd1e158899cb8e66f1d8d4576f35258b\">Sie haben jederzeit das Recht, unentgeltlich Auskunft \u00fcber Herkunft, Empf\u00e4nger und Zweck Ihrer gespeicherten personenbezogenen Daten zu erhalten. Sie haben au\u00dferdem ein Recht, die Berichtigung oder L\u00f6schung dieser Daten zu verlangen. Wenn Sie eine Einwilligung zur Datenverarbeitung erteilt haben, k\u00f6nnen Sie diese Einwilligung jederzeit f\u00fcr die Zukunft widerrufen. Au\u00dferdem haben Sie das Recht, unter bestimmten Umst\u00e4nden die Einschr\u00e4nkung der Verarbeitung Ihrer personenbezogenen Daten zu verlangen.<\/p>\n\n\n\n<p class=\"has-black-color has-text-color has-link-color wp-elements-7a8e254f486a5c95736604098d8a6a22\">Zu weiteren Fragen zum Thema Datenschutz k\u00f6nnen Sie sich jederzeit an uns wenden.<\/p>\n\n\n\n<h2 class=\"wp-block-heading\">Hosting<\/h2>\n\n\n\n<p class=\"has-black-color has-text-color has-link-color wp-elements-027284ea1d9b03a7b3fc266dbf1fc8b6\">Wir hosten die Inhalte unserer Website bei folgendem Anbieter:<\/p>\n\n\n\n<p class=\"has-black-color has-text-color has-link-color wp-elements-bcd4b8dc0e870b9b1a4806fe61a7f19a\"><strong><strong>Alfahosting <\/strong>GmbH<\/strong><\/p>\n\n\n\n<p class=\"has-black-color has-text-color has-link-color wp-elements-3e4e245b2d06f0ab6a10ce6ee8b1fd87\">Anbieter ist die Alfahosting GmbH, Edmund-von-Lippmann-Stra\u00dfe 13-15 in 06112 Halle (Saale). Wenn Sie unsere Website besuchen, erfasst Alfahostin verschiedene Logfiles inklusive Ihrer IP-Adressen.<br>Weitere Informationen entnehmen Sie der Datenschutzerkl\u00e4rung von Alfahosting:\u00a0<a href=\"https:\/\/alfahosting.de\/datenschutz\/\">https:\/\/alfahosting.de\/datenschutz<\/a> .<\/p>\n\n\n\n<p class=\"has-black-color has-text-color has-link-color wp-elements-aa5effca8d7650ba07e46e29ffde4cdd\">Die Verwendung von Alfahosting erfolgt auf Grundlage von Art. 6 Abs. 1 lit. f DSGVO. Wir haben ein berechtigtes Interesse an einer m\u00f6glichst zuverl\u00e4ssigen Darstellung unserer Website. Sofern eine entsprechende Einwilligung abgefragt wurde, erfolgt die Verarbeitung ausschlie\u00dflich auf Grundlage von Art. 6 Abs. 1 lit. a DSGVO und \u00a7 25 Abs. 1 TDDDG, soweit die Einwilligung die Speicherung von Cookies oder den Zugriff auf Informationen im Endger\u00e4t des Nutzers (z. B. f\u00fcr Device-Fingerprinting) im Sinne des TDDDG umfasst. Die Einwilligung ist jederzeit widerrufbar.<\/p>\n\n\n\n<h2 class=\"wp-block-heading\">Allgemeine Hinweise und Pflichtinformationen<\/h2>\n\n\n\n<p class=\"has-black-color has-text-color has-link-color wp-elements-fe8e391c31789abd257184cc909f473e\"><strong>Datenschutz<\/strong><\/p>\n\n\n\n<p class=\"has-black-color has-text-color has-link-color wp-elements-3b4048d649188535531fbbf6d3ccbf6f\">Die Betreiber dieser Seiten nehmen den Schutz Ihrer pers\u00f6nlichen Daten sehr ernst. Wir behandeln Ihre personenbezogenen Daten vertraulich und entsprechend den gesetzlichen Datenschutzvorschriften sowie dieser Datenschutzerkl\u00e4rung.<br>Wenn Sie diese Website benutzen, werden verschiedene personenbezogene Daten erhoben. Personenbezogene Daten sind Daten, mit denen Sie pers\u00f6nlich identifiziert werden k\u00f6nnen. Die vorliegende Datenschutzerkl\u00e4rung erl\u00e4utert, welche Daten wir erheben und wof\u00fcr wir sie nutzen. Sie erl\u00e4utert auch, wie und zu welchem Zweck das geschieht.<br>Wir weisen darauf hin, dass die Daten\u00fcbertragung im Internet (z. B. bei der Kommunikation per E-Mail) Sicherheitsl\u00fccken aufweisen kann. Ein l\u00fcckenloser Schutz der Daten vor dem Zugriff durch Dritte ist nicht m\u00f6glich.<\/p>\n\n\n\n<p class=\"has-black-color has-text-color has-link-color wp-elements-f3b11479a6f39e053d6e8db88a806693\"><strong>Hinweis zur verantwortlichen Stelle<\/strong><\/p>\n\n\n\n<p class=\"has-black-color has-text-color has-link-color wp-elements-19bb9c1b1460925c002d9681032425d2\">Die verantwortliche Stelle f\u00fcr die Datenverarbeitung auf dieser Website ist die<\/p>\n\n\n\n<p class=\"has-black-color has-text-color has-link-color wp-elements-7975e5ea08ca990b284ee2e9772ce461\">Datow GmbH &#8211; Ambrosiuspl. 4 in 39112 Magdeburg.<\/p>\n\n\n\n<p class=\"has-black-color has-text-color has-link-color wp-elements-0c7a877ad2f343b5b31407416d91cce2\">Verantwortliche Stelle ist die juristische Person, die allein oder gemeinsam mit anderen \u00fcber die Zwecke und Mittel der Verarbeitung von personenbezogenen Daten (z. B. Namen, E-Mail-Adressen o. \u00c4.) entscheidet.<\/p>\n\n\n\n<h4 class=\"wp-block-heading has-black-color has-text-color has-link-color wp-elements-ea1f08e48bdf034b2e74d431b107a713\"><strong>Speicherdauer<\/strong><\/h4>\n\n\n\n<p class=\"has-black-color has-text-color has-link-color wp-elements-0a15bed9d56ff019420b5f1dbc09997b\">Soweit innerhalb dieser Datenschutzerkl\u00e4rung keine speziellere Speicherdauer genannt wurde, verbleiben Ihre personenbezogenen Daten bei uns, bis der Zweck f\u00fcr die Datenverarbeitung entf\u00e4llt. Wenn Sie ein berechtigtes L\u00f6schersuchen geltend machen oder eine Einwilligung zur Datenverarbeitung widerrufen, werden Ihre Daten gel\u00f6scht, sofern wir keine anderen rechtlich zul\u00e4ssigen Gr\u00fcnde f\u00fcr die Speicherung Ihrer personenbezogenen Daten haben (z. B. steuer- oder handelsrechtliche Aufbewahrungsfristen); im letztgenannten Fall erfolgt die L\u00f6schung nach Fortfall dieser Gr\u00fcnde.<\/p>\n\n\n\n<p class=\"has-black-color has-text-color has-link-color wp-elements-f3bd40145957924eb040186e8dd69fd3\"><strong>Widerruf Ihrer Einwilligung zur Datenverarbeitung<\/strong><\/p>\n\n\n\n<p class=\"has-black-color has-text-color has-link-color wp-elements-99dd51279acdd4e9565753a0278c74be\">Viele Datenverarbeitungsvorg\u00e4nge sind nur mit Ihrer ausdr\u00fccklichen Einwilligung m\u00f6glich. Sie k\u00f6nnen eine bereits erteilte Einwilligung jederzeit widerrufen. Die Rechtm\u00e4\u00dfigkeit der bis zum Widerruf erfolgten Datenverarbeitung bleibt vom Widerruf unber\u00fchrt.<br><br><strong>Widerspruchsrecht gegen die Datenerhebung in besonderen F\u00e4llen sowie gegen Direktwerbung (Art. 21 DSGVO)<br><\/strong><br>Wenn die Datenverarbeitung auf Grundlage von Art. 6 Abs. 1e oder 1f der DSGVO erfolgt, haben Sie das Recht, aus Gr\u00fcnden, die sich aus Ihrer besonderen Situation ergeben, gegen die Verarbeitung Ihrer personenbezogenen Daten Widerspruch einzulegen. Dies gilt auch f\u00fcr ein auf diese Bestimmung gesch\u00fctztes Profiling. Die jeweilige Rechtsgrundlage, auf denen eine Verarbeitung beruht, entnehmen Sie dieser Datenschutzerkl\u00e4rung.<br>Wenn Sie Widerspruch einlegen, werden wir Ihre betroffenen personenbezogenen Daten nicht mehr verarbeiten. Es sei denn, wir k\u00f6nnen zwingende schutzw\u00fcrdige Gr\u00fcnde f\u00fcr die Verarbeitung nachweisen, die Ihre Interessen, Rechte und Freiheiten \u00fcberwiegen oder die Verarbeitung dient der Geltendmachung, Aus\u00fcbung oder Verteidigung von Rechtsanspr\u00fcchen (Widerspruch nach Art. 21 Abs. 1 DSGVO).<\/p>\n\n\n\n<p class=\"has-black-color has-text-color has-link-color wp-elements-c31509b1548d88c8cbbe22c808b9cc37\">Ihre personenbezogenen Daten werden nicht zum Zweck der Direktwerbung verarbeitet.<\/p>\n\n\n\n<p class=\"has-black-color has-text-color has-link-color wp-elements-459b39353dadd35fcbfffbd011a77a7c\"><strong>Beschwerderecht bei der zust\u00e4ndigen Aufsichtsbeh\u00f6rde<\/strong><\/p>\n\n\n\n<p class=\"has-black-color has-text-color has-link-color wp-elements-64b0790e7dcdf4432e189cd476a835f1\">Im Falle von Verst\u00f6\u00dfen gegen die DSGVO steht den Betroffenen ein Beschwerderecht bei einer Aufsichtsbeh\u00f6rde, insbesondere in dem Mitgliedstaat ihres gew\u00f6hnlichen Aufenthalts, ihres Arbeitsplatzes oder des Orts des mutma\u00dflichen Versto\u00dfes zu. Das Beschwerderecht besteht unbeschadet anderweitiger verwaltungsrechtlicher oder gerichtlicher Rechtsbehelfe.<\/p>\n\n\n\n<p class=\"has-black-color has-text-color has-link-color wp-elements-9197b6ac5622b7377e2e2ebace77b67c\"><strong>Recht auf Daten\u00fcbertragbarkeit<\/strong><\/p>\n\n\n\n<p class=\"has-black-color has-text-color has-link-color wp-elements-be3813440cd1a9638ce349122b2be063\">Sie haben das Recht, Daten, die wir auf Grundlage Ihrer Einwilligung oder in Erf\u00fcllung eines Vertrags automatisiert verarbeiten, an sich oder an einen Dritten in einem g\u00e4ngigen, maschinenlesbaren Format aush\u00e4ndigen zu lassen. Sofern Sie die direkte \u00dcbertragung der Daten an einen anderen Verantwortlichen verlangen, erfolgt dies nur, soweit es technisch machbar ist.<\/p>\n\n\n\n<p class=\"has-black-color has-text-color has-link-color wp-elements-01ab5536fa5bf473e9a7d7d4b87e255f\"><strong>Auskunft, L\u00f6schung und Berichtigung<\/strong><\/p>\n\n\n\n<p class=\"has-black-color has-text-color has-link-color wp-elements-de9d76c48c622c3da2eeed5456298693\">Sie haben im Rahmen der geltenden gesetzlichen Bestimmungen jederzeit das Recht auf unentgeltliche Auskunft \u00fcber Ihre gespeicherten personenbezogenen Daten, deren Herkunft und Empf\u00e4nger und den Zweck der Datenverarbeitung und ggf. ein Recht auf Berichtigung oder L\u00f6schung dieser Daten. Hierzu sowie zu weiteren Fragen zum Thema personenbezogene Daten k\u00f6nnen Sie sich jederzeit an uns wenden.<\/p>\n\n\n\n<p class=\"has-black-color has-text-color has-link-color wp-elements-8d3dea776495674192b7503b3cc1f95f\"><strong>Recht auf Einschr\u00e4nkung der Verarbeitung<\/strong><\/p>\n\n\n\n<p class=\"has-black-color has-text-color has-link-color wp-elements-c9feb014ada9cad137980d67cacfb539\">Sie haben das Recht, die Einschr\u00e4nkung der Verarbeitung Ihrer personenbezogenen Daten zu verlangen. Hierzu k\u00f6nnen Sie sich jederzeit an uns wenden. Das Recht auf Einschr\u00e4nkung der Verarbeitung besteht in folgenden F\u00e4llen:<\/p>\n\n\n\n<ul class=\"wp-block-list\">\n<li class=\"has-black-color has-text-color has-link-color wp-elements-94e31f95f2deef47336a574c82e45e51\">Wenn Sie die Richtigkeit Ihrer bei uns gespeicherten personenbezogenen Daten bestreiten, ben\u00f6tigen wir in der Regel Zeit, um dies zu \u00fcberpr\u00fcfen. F\u00fcr die Dauer der Pr\u00fcfung haben Sie das Recht, die Einschr\u00e4nkung der Verarbeitung Ihrer personenbezogenen Daten zu verlangen.<\/li>\n\n\n\n<li class=\"has-black-color has-text-color has-link-color wp-elements-3b519c85d8f02bc51afa82a828434ba2\">Wenn die Verarbeitung Ihrer personenbezogenen Daten unrechtm\u00e4\u00dfig geschah\/geschieht, k\u00f6nnen Sie statt der L\u00f6schung die Einschr\u00e4nkung der Datenverarbeitung verlangen.<\/li>\n\n\n\n<li class=\"has-black-color has-text-color has-link-color wp-elements-7671198464b4991c80564f7431621a84\">Wenn wir Ihre personenbezogenen Daten nicht mehr ben\u00f6tigen, Sie sie jedoch zur Aus\u00fcbung, Verteidigung oder Geltendmachung von Rechtsanspr\u00fcchen ben\u00f6tigen, haben Sie das Recht, statt der L\u00f6schung die Einschr\u00e4nkung der Verarbeitung Ihrer personenbezogenen Daten zu verlangen.<\/li>\n\n\n\n<li class=\"has-black-color has-text-color has-link-color wp-elements-bf5659cd4aa2c65764b4f6a5e32242a6\">Wenn Sie einen Widerspruch nach Art. 21 Abs. 1 DSGVO eingelegt haben, muss eine Abw\u00e4gung zwischen Ihren und unseren Interessen vorgenommen werden. Solange noch nicht feststeht, wessen Interessen \u00fcberwiegen, haben Sie das Recht, die Einschr\u00e4nkung der Verarbeitung Ihrer personenbezogenen Daten zu verlangen.<\/li>\n<\/ul>\n\n\n\n<p class=\"has-black-color has-text-color has-link-color wp-elements-f45ab81d5afba13eaecbba3346778c02\">Wenn Sie die Verarbeitung Ihrer personenbezogenen Daten eingeschr\u00e4nkt haben, d\u00fcrfen diese Daten \u2013 von ihrer Speicherung abgesehen \u2013 nur mit Ihrer Einwilligung oder zur Geltendmachung, Aus\u00fcbung oder Verteidigung von Rechtsanspr\u00fcchen oder zum Schutz der Rechte einer anderen nat\u00fcrlichen oder juristischen Person oder aus Gr\u00fcnden eines wichtigen \u00f6ffentlichen Interesses der Europ\u00e4ischen Union oder eines Mitgliedstaats verarbeitet werden.<\/p>\n\n\n\n<p class=\"has-black-color has-text-color has-link-color wp-elements-8972d6ebb69770a41f09880c570b6e9d\"><strong>SSL- bzw. TLS-Verschl\u00fcsselung<\/strong><\/p>\n\n\n\n<p class=\"has-black-color has-text-color has-link-color wp-elements-cc54d5cd8dc6ec77137ff02b3c424929\">Diese Seite nutzt aus Sicherheitsgr\u00fcnden und zum Schutz der \u00dcbertragung vertraulicher Inhalte, wie zum Beispiel Bestellungen oder Anfragen, die Sie an uns als Seitenbetreiber senden, eine SSL- bzw. TLS-Verschl\u00fcsselung. Eine verschl\u00fcsselte Verbindung erkennen Sie daran, dass die Adresszeile des Browsers von \u201ehttp:\/\/\u201c auf \u201ehttps:\/\/\u201c wechselt und an dem Schloss-Symbol in Ihrer Browserzeile. Wenn die SSL- bzw. TLS-Verschl\u00fcsselung aktiviert ist, k\u00f6nnen die Daten, die Sie an uns \u00fcbermitteln, nicht von Dritten mitgelesen werden.<\/p>\n\n\n\n<p class=\"has-black-color has-text-color has-link-color wp-elements-6dc1e6d65294bde41482151767f15495\"><strong>Widerspruch gegen Werbe-E-Mails<\/strong><\/p>\n\n\n\n<p class=\"has-black-color has-text-color has-link-color wp-elements-d44da45d9adaabc1c03bed24fc91e9ff\">Der Nutzung von im Rahmen der Impressumspflicht ver\u00f6ffentlichten Kontaktdaten zur \u00dcbersendung von nicht ausdr\u00fccklich angeforderter Werbung und Informationsmaterialien wird hiermit widersprochen. Die Betreiber der Seiten behalten sich ausdr\u00fccklich rechtliche Schritte im Falle der unverlangten Zusendung von Werbeinformationen, etwa durch Spam-E-Mails, vor.<\/p>\n\n\n\n<h2 class=\"wp-block-heading has-black-color has-text-color has-link-color wp-elements-154d1e279101ac38a6047e28727ad539\">Datenerfassung auf dieser Website<\/h2>\n\n\n\n<p class=\"has-black-color has-text-color has-link-color wp-elements-6d6dbf0c2c74c5574c73e772a4f14994\">Der Provider der Seiten erhebt und speichert automatisch Informationen in so genannten Server-Log-Dateien, die Ihr Browser automatisch an uns \u00fcbermittelt. Dies sind:<\/p>\n\n\n\n<ul class=\"wp-block-list\">\n<li class=\"has-black-color has-text-color has-link-color wp-elements-e0e401daa21f051abd689445f2c9a1ee\">Browsertyp und Browserversion<\/li>\n\n\n\n<li class=\"has-black-color has-text-color has-link-color wp-elements-9f854461c30f93e4beebdcc287ea4f17\">verwendetes Betriebssystem<\/li>\n\n\n\n<li class=\"has-black-color has-text-color has-link-color wp-elements-e5250656b446aac62ba6978b3fce4eb3\">Referrer URL<\/li>\n\n\n\n<li class=\"has-black-color has-text-color has-link-color wp-elements-7cd2d3f93c43efa63a561ea5740cc6f1\">Hostname des zugreifenden Rechners<\/li>\n\n\n\n<li class=\"has-black-color has-text-color has-link-color wp-elements-ff4cfe87b67d266fe863270f65251f5e\">Uhrzeit der Serveranfrage<\/li>\n\n\n\n<li class=\"has-black-color has-text-color has-link-color wp-elements-8d8bbe8acb6ea702eff872e8dd2fb6fd\">IP-Adresse<\/li>\n<\/ul>\n\n\n\n<p class=\"has-black-color has-text-color has-link-color wp-elements-11c4042055aefda1684c1e411369f6ff\">Eine Zusammenf\u00fchrung dieser Daten mit anderen Datenquellen wird nicht vorgenommen.<br><br>Die Erfassung dieser Daten erfolgt auf Grundlage von Art. 6 Abs. 1 lit. f DSGVO. Der Websitebetreiber hat ein berechtigtes Interesse an der technisch fehlerfreien Darstellung und der Optimierung seiner Website. Hierzu m\u00fcssen die Server-Log-Files erfasst werden.<\/p>\n\n\n\n<p class=\"has-black-color has-text-color has-link-color wp-elements-be3ca62386abe5d1a81e25424a3790f2\"><strong>Anfrage per E-Mail, Telefon oder Telefax<\/strong><\/p>\n\n\n\n<p class=\"has-black-color has-text-color has-link-color wp-elements-c7e65cfb2e63cb7bbce5d893abde0d76\">Wenn Sie uns per E-Mail, Telefon oder Telefax kontaktieren, wird Ihre Anfrage inklusive aller daraus hervorgehenden personenbezogenen Daten (Name, Anfrage) zum Zwecke der Bearbeitung Ihres Anliegens bei uns gespeichert und verarbeitet. Diese Daten geben wir nicht ohne Ihre Einwilligung weiter.<br>Die Verarbeitung dieser Daten erfolgt auf Grundlage von Art. 6 Abs. 1 lit. b DSGVO, sofern Ihre Anfrage mit der Erf\u00fcllung eines Vertrags zusammenh\u00e4ngt oder zur Durchf\u00fchrung vorvertraglicher Ma\u00dfnahmen erforderlich ist. In allen \u00fcbrigen F\u00e4llen beruht die Verarbeitung auf unserem berechtigten Interesse an der effektiven Bearbeitung der an uns gerichteten Anfragen (Art. 6 Abs. 1 lit. f DSGVO) oder auf Ihrer<br>Einwilligung (Art. 6 Abs. 1 lit. a DSGVO) sofern diese abgefragt wurde.<br>Die von Ihnen an uns per Kontaktanfragen \u00fcbersandten Daten verbleiben bei uns, bis Sie uns zur L\u00f6schung auffordern, Ihre Einwilligung zur Speicherung widerrufen oder der Zweck f\u00fcr die Datenspeicherung entf\u00e4llt (z. B. nach abgeschlossener Bearbeitung Ihres Anliegens). Zwingende gesetzliche Bestimmungen \u2013 insbesondere gesetzliche Aufbewahrungsfristen \u2013 bleiben unber\u00fchrt.<\/p>\n\n\n\n<h2 class=\"wp-block-heading\">Plugins und Tools<\/h2>\n\n\n\n<p class=\"has-black-color has-text-color has-link-color wp-elements-8e314d615f188f6ac0ff3911f66c6053\"><strong>Google Maps<\/strong><\/p>\n\n\n\n<p class=\"has-black-color has-text-color has-link-color wp-elements-04d4e7b21271677a7bb931c991de8a2c\">Diese Seite nutzt den Kartendienst Google Maps. Anbieter ist die Google Ireland Limited (\u201eGoogle\u201c), Gordon House, Barrow Street, Dublin 4, Irland. Zur Nutzung der Funktionen von Google Maps ist es notwendig, Ihre IP-Adresse zu speichern. Diese Informationen werden in der Regel an einen Server von Google in den USA \u00fcbertragen und dort gespeichert.<br>Der Anbieter dieser Seite hat keinen Einfluss auf diese Daten\u00fcbertragung. Wenn Google Maps aktiviert ist, kann Google zum Zwecke der einheitlichen Darstellung der Schriftarten Google Fonts verwenden. Beim Aufruf von Google Maps l\u00e4dt Ihr Browser die ben\u00f6tigten Web Fonts in ihren Browsercache, um Texte und Schriftarten korrekt anzuzeigen.<br>Die Nutzung von Google Maps erfolgt im Interesse einer ansprechenden Darstellung unserer Online- Angebote und an einer leichten Auffindbarkeit der von uns auf der Website angegebenen Orte. Dies stellt ein berechtigtes Interesse im Sinne von Art. 6 Abs. 1 lit. f DSGVO dar. Sofern eine entsprechende Einwilligung abgefragt wurde, erfolgt die Verarbeitung ausschlie\u00dflich auf Grundlage von Art. 6 Abs. 1 lit. a DSGVO und \u00a7 25 Abs. 1 TDDDG, soweit die Einwilligung die Speicherung von Cookies oder den Zugriff auf Informationen im Endger\u00e4t des Nutzers (z. B. Device-Fingerprinting) im Sinne des TDDDG umfasst. Die Einwilligung ist jederzeit widerrufbar.<\/p>\n\n\n\n<p class=\"has-black-color has-text-color has-link-color wp-elements-023a85356552f4be3767ddea02d7133a\">Die Daten\u00fcbertragung in die USA wird auf die Standardvertragsklauseln der EU-Kommission gest\u00fctzt. Details finden Sie hier:<br><a rel=\"noreferrer noopener\" href=\"https:\/\/privacy.google.com\/businesses\/gdprcontrollerterms\/\" target=\"_blank\">https:\/\/privacy.google.com\/businesses\/gdprcontrollerterms\/<\/a>&nbsp;und<br><a rel=\"noreferrer noopener\" href=\"https:\/\/privacy.google.com\/businesses\/gdprcontrollerterms\/sccs\/\" target=\"_blank\">https:\/\/privacy.google.com\/businesses\/gdprcontrollerterms\/sccs\/<\/a>.<br>Mehr Informationen zum Umgang mit Nutzerdaten finden Sie in der Datenschutzerkl\u00e4rung von Google:&nbsp;<a rel=\"noreferrer noopener\" href=\"https:\/\/policies.google.com\/privacy?hl=de\" target=\"_blank\">https:\/\/policies.google.com\/privacy?hl=de<\/a>.<\/p>\n\n\n\n<p class=\"has-black-color has-text-color\">Sofern seitens unseres Hosters IONOS SE eine Daten\u00fcbermittlung in Drittstaaten erfolgt, werden \u2013 nach den Anforderungen des V. Kapitels der DSGVO \u2013 mit etwaigen Auftragsverarbeitern oder Verantwortlichen geeignete Garantien zum Datentransfer vereinbart oder auf Angemessenheitsbeschl\u00fcsse der EU-Kommission zur\u00fcckgegriffen.<\/p>\n","protected":false},"excerpt":{"rendered":"<p>Allgemeines Wir nehmen den Schutz von pers\u00f6nlichen Daten sehr ernst. Wir behandeln Ihre personenbezogenen Daten vertraulich und entsprechend der gesetzlichen Datenschutzvorschriften (DSGVO).&nbsp;Wir nutzen keine Cookies und die Nutzung unserer Webseite <a class=\"more-link\" href=\"https:\/\/www.datow-kfz.de\/?page_id=3\">[ . . . ]<\/a><\/p>\n","protected":false},"author":1,"featured_media":225,"parent":0,"menu_order":0,"comment_status":"closed","ping_status":"closed","template":"","meta":{"footnotes":""},"class_list":["post-3","page","type-page","status-publish","has-post-thumbnail","hentry"],"_links":{"self":[{"href":"https:\/\/www.datow-kfz.de\/index.php?rest_route=\/wp\/v2\/pages\/3","targetHints":{"allow":["GET"]}}],"collection":[{"href":"https:\/\/www.datow-kfz.de\/index.php?rest_route=\/wp\/v2\/pages"}],"about":[{"href":"https:\/\/www.datow-kfz.de\/index.php?rest_route=\/wp\/v2\/types\/page"}],"author":[{"embeddable":true,"href":"https:\/\/www.datow-kfz.de\/index.php?rest_route=\/wp\/v2\/users\/1"}],"replies":[{"embeddable":true,"href":"https:\/\/www.datow-kfz.de\/index.php?rest_route=%2Fwp%2Fv2%2Fcomments&post=3"}],"version-history":[{"count":6,"href":"https:\/\/www.datow-kfz.de\/index.php?rest_route=\/wp\/v2\/pages\/3\/revisions"}],"predecessor-version":[{"id":392,"href":"https:\/\/www.datow-kfz.de\/index.php?rest_route=\/wp\/v2\/pages\/3\/revisions\/392"}],"wp:featuredmedia":[{"embeddable":true,"href":"https:\/\/www.datow-kfz.de\/index.php?rest_route=\/wp\/v2\/media\/225"}],"wp:attachment":[{"href":"https:\/\/www.datow-kfz.de\/index.php?rest_route=%2Fwp%2Fv2%2Fmedia&parent=3"}],"curies":[{"name":"wp","href":"https:\/\/api.w.org\/{rel}","templated":true}]}}