{"id":91,"date":"2019-10-16T17:21:05","date_gmt":"2019-10-16T15:21:05","guid":{"rendered":"http:\/\/www.datow-kfz.de\/datow\/?page_id=91"},"modified":"2022-10-17T09:32:31","modified_gmt":"2022-10-17T07:32:31","slug":"unsere-partner","status":"publish","type":"page","link":"https:\/\/www.datow-kfz.de\/?page_id=91","title":{"rendered":"Partner"},"content":{"rendered":"\n<p class=\"has-black-color has-text-color\">Durch die Verwendung von hochwertigen Produkten und Ersatzteilen in Erstausr\u00fcster-Qualit\u00e4t k\u00f6nnen wir Ihnen einen Service bieten, auf den wir und unsere Mitarbeiter Ihnen ruhigen Gewissens Garantie geben k\u00f6nnen.<br><br>Nicht zuletzt durch die gute Zusammenarbeit mit verschiedenen Unternehmen, die mit Ihrem Know how und der hohen Zuverl\u00e4ssigkeit ihrer Produkte die Qualit\u00e4t unserer Arbeit mitbestimmen, k\u00f6nnen Sie auf unsere Leistungen &#8222;Brief und Siegel&#8220; bekommen. Das belegt auch die schon mehrfache Wahl zur &#8222;Werkstatt des Vertrauens&#8220;.<\/p>\n\n\n\n<h4 class=\"has-black-color has-text-color wp-block-heading\">Der Vorteil f\u00fcr Sie liegt auf der Hand:<\/h4>\n\n\n\n<p class=\"has-black-color has-text-color\">Sicherheit f\u00fcr Sie und Ihre Familie auf der Stra\u00dfe durch eine hohe Zuverl\u00e4ssigkeit Ihres Fahrzeugs. Eine lange Lebensdauer f\u00fcr Ihr Auto durch fachlich versierte Wartungen und Reparaturen mit Qualit\u00e4t, durch Betriebsstoffe mit Pr\u00e4dikat und Pflegestoffe hoher G\u00fcte.<br><br>Sie bekommen bei uns Leistungen mit Garantie zu einem fairen Preis und in guter Qualit\u00e4t \u2013 denn &#8222;billig&#8220; machen wir nicht, dazu ist uns Ihre Sicherheit zu wichtig und Ihr Fahrzeug zu wertvoll.<\/p>\n\n\n\n<hr class=\"wp-block-separator has-css-opacity is-style-default\"\/>\n\n\n\n<h4 class=\"has-black-color has-text-color wp-block-heading\">Auf diese Partner und ihre Produkte vertrauen wir:<\/h4>\n\n\n\n<div class=\"wp-block-columns has-2-columns is-layout-flex wp-container-core-columns-is-layout-9d6595d7 wp-block-columns-is-layout-flex\">\n<div class=\"wp-block-column is-layout-flow wp-block-column-is-layout-flow\">\n<p class=\"has-black-color has-text-color\">LIQUI MOLY produziert seit mehr als 50 Jahren Motoren\u00f6le f\u00fcr alle Fahrzeuge \u2013 sorgf\u00e4ltig entwickelt und mit den Freigaben aller namhaften Autohersteller. Viele Auszeichnungen und Pr\u00e4dikate belegen die hohe Qualit\u00e4t dieser Produkte.<\/p>\n\n\n\n<p class=\"has-black-color has-text-color\">LIQUI MOLY GmbH<br>Jerg-Wieland-Str.4 \u2022 89081 Ulm<br>www.liqui-moly.de<\/p>\n<\/div>\n\n\n\n<div class=\"wp-block-column is-layout-flow wp-block-column-is-layout-flow\"><div class=\"wp-block-image\">\n<figure class=\"alignright\"><img loading=\"lazy\" decoding=\"async\" width=\"250\" height=\"74\" src=\"https:\/\/www.datow-kfz.de\/wp-content\/uploads\/2019\/10\/liquimo.png\" alt=\"\" class=\"wp-image-18\"\/><\/figure>\n<\/div><\/div>\n<\/div>\n\n\n\n<hr class=\"wp-block-separator has-css-opacity\"\/>\n\n\n\n<div class=\"wp-block-columns has-2-columns is-layout-flex wp-container-core-columns-is-layout-9d6595d7 wp-block-columns-is-layout-flex\">\n<div class=\"wp-block-column is-layout-flow wp-block-column-is-layout-flow\">\n<p class=\"has-black-color has-text-color\">Seit \u00fcber 50 Jahren entwickelt und produziert SONAX als einer der f\u00fchrenden Hersteller Autopflegeprodukte in Neuburg. Heute besch\u00e4ftigt SONAX in Deutschland rund 300 Mitarbeiter, ist in rund 80 L\u00e4ndern der Erde vertreten und setzt \u00fcber 60 Mio. Euro im Jahr um. Die Marke SONAX gilt heute als Premium-Pflegeprogramm, das von der Fachpresse regelm\u00e4\u00dfig mit Auszeichnungen und hervorragenden Pr\u00e4dikaten bedacht wird.<\/p>\n<\/div>\n\n\n\n<div class=\"wp-block-column is-layout-flow wp-block-column-is-layout-flow\"><div class=\"wp-block-image\">\n<figure class=\"alignright\"><img loading=\"lazy\" decoding=\"async\" width=\"250\" height=\"52\" src=\"https:\/\/www.datow-kfz.de\/wp-content\/uploads\/2019\/10\/sonax.png\" alt=\"\" class=\"wp-image-17\"\/><\/figure>\n<\/div><\/div>\n<\/div>\n\n\n\n<p class=\"has-black-color has-text-color\">SONAX GmbH<br>M\u00fcnchener Str. 75 \u2022 86633 Neuburg (Donau)<br>www.sonax.de<\/p>\n\n\n\n<hr class=\"wp-block-separator has-css-opacity\"\/>\n\n\n\n<div class=\"wp-block-columns has-2-columns is-layout-flex wp-container-core-columns-is-layout-9d6595d7 wp-block-columns-is-layout-flex\">\n<div class=\"wp-block-column is-layout-flow wp-block-column-is-layout-flow\">\n<p class=\"has-black-color has-text-color\">Technische Kompetenz auf h\u00f6chstem Niveau. Die 1904 gegr\u00fcndete Friedrich Kraft GmbH mit Stammsitz in Rendsburg ist ebenfalls einer unserer zuverl\u00e4ssigsten Partner rund um Teile und Zubeh\u00f6r.<\/p>\n\n\n\n<p class=\"has-black-color has-text-color\">Kraft bietet f\u00fcr jede Reparatur hochwertige Teile f\u00fchrender Hersteller in Erstausr\u00fcsterqualit\u00e4t und h\u00e4lt dazu in den Filialen ein Vollsortiment von \u00fcber 30.000 Artikeln bereit. Aus der 2012 er\u00f6ffneten Filiale in Magdeburg k\u00f6nnen wir so kurzfristig die f\u00fcr die Reparatur Ihres Fahrzeugs notwendigen Teile und Materialien in hoher Qualit\u00e4t beziehen.<\/p>\n<\/div>\n\n\n\n<div class=\"wp-block-column has-black-color has-text-color is-layout-flow wp-block-column-is-layout-flow\"><div class=\"wp-block-image\">\n<figure class=\"alignright\"><img loading=\"lazy\" decoding=\"async\" width=\"180\" height=\"86\" src=\"https:\/\/www.datow-kfz.de\/wp-content\/uploads\/2019\/10\/kraft_autoteile.png\" alt=\"\" class=\"wp-image-6\"\/><\/figure>\n<\/div><\/div>\n<\/div>\n\n\n\n<p class=\"has-black-color has-text-color\">FRIEDRICH KRAFT GMBH &#8211; Filiale Magdeburg<br>Porsestra\u00dfe 19 \u2022 39104 Magdeburg<br>www.kraft-autoteile.de<\/p>\n","protected":false},"excerpt":{"rendered":"<p>Durch die Verwendung von hochwertigen Produkten und Ersatzteilen in Erstausr\u00fcster-Qualit\u00e4t k\u00f6nnen wir Ihnen einen Service bieten, auf den wir und unsere Mitarbeiter Ihnen ruhigen Gewissens Garantie geben k\u00f6nnen. Nicht zuletzt <a class=\"more-link\" href=\"https:\/\/www.datow-kfz.de\/?page_id=91\">[ . . . ]<\/a><\/p>\n","protected":false},"author":1,"featured_media":223,"parent":0,"menu_order":0,"comment_status":"closed","ping_status":"closed","template":"","meta":{"footnotes":""},"class_list":["post-91","page","type-page","status-publish","has-post-thumbnail","hentry"],"_links":{"self":[{"href":"https:\/\/www.datow-kfz.de\/index.php?rest_route=\/wp\/v2\/pages\/91","targetHints":{"allow":["GET"]}}],"collection":[{"href":"https:\/\/www.datow-kfz.de\/index.php?rest_route=\/wp\/v2\/pages"}],"about":[{"href":"https:\/\/www.datow-kfz.de\/index.php?rest_route=\/wp\/v2\/types\/page"}],"author":[{"embeddable":true,"href":"https:\/\/www.datow-kfz.de\/index.php?rest_route=\/wp\/v2\/users\/1"}],"replies":[{"embeddable":true,"href":"https:\/\/www.datow-kfz.de\/index.php?rest_route=%2Fwp%2Fv2%2Fcomments&post=91"}],"version-history":[{"count":16,"href":"https:\/\/www.datow-kfz.de\/index.php?rest_route=\/wp\/v2\/pages\/91\/revisions"}],"predecessor-version":[{"id":335,"href":"https:\/\/www.datow-kfz.de\/index.php?rest_route=\/wp\/v2\/pages\/91\/revisions\/335"}],"wp:featuredmedia":[{"embeddable":true,"href":"https:\/\/www.datow-kfz.de\/index.php?rest_route=\/wp\/v2\/media\/223"}],"wp:attachment":[{"href":"https:\/\/www.datow-kfz.de\/index.php?rest_route=%2Fwp%2Fv2%2Fmedia&parent=91"}],"curies":[{"name":"wp","href":"https:\/\/api.w.org\/{rel}","templated":true}]}}